{"id":161,"date":"2020-12-11T07:04:11","date_gmt":"2020-12-11T07:04:11","guid":{"rendered":"https:\/\/gaviaspreview.com\/wp\/conult\/?post_type=footer&#038;p=161"},"modified":"2024-04-21T00:53:56","modified_gmt":"2024-04-21T03:53:56","slug":"services","status":"publish","type":"page","link":"https:\/\/edvcare.com.br\/index.php\/services\/","title":{"rendered":"Servi\u00e7os"},"content":{"rendered":"\t\t<div data-elementor-type=\"wp-post\" data-elementor-id=\"161\" class=\"elementor elementor-161\">\n\t\t\t\t\t\t<section class=\"elementor-section elementor-top-section elementor-element elementor-element-052027f elementor-section-boxed elementor-section-height-default elementor-section-height-default\" data-id=\"052027f\" data-element_type=\"section\" data-settings=\"{&quot;background_background&quot;:&quot;slideshow&quot;,&quot;background_slideshow_gallery&quot;:[{&quot;id&quot;:1203,&quot;url&quot;:&quot;https:\\\/\\\/gaviaspreview.com\\\/wp\\\/conult\\\/wp-content\\\/uploads\\\/2021\\\/12\\\/bg-9.jpg&quot;},{&quot;id&quot;:1008,&quot;url&quot;:&quot;https:\\\/\\\/gaviaspreview.com\\\/wp\\\/conult\\\/wp-content\\\/uploads\\\/2021\\\/10\\\/breadcrumb.jpg&quot;}],&quot;background_slideshow_ken_burns&quot;:&quot;yes&quot;,&quot;background_slideshow_loop&quot;:&quot;yes&quot;,&quot;background_slideshow_slide_duration&quot;:5000,&quot;background_slideshow_slide_transition&quot;:&quot;fade&quot;,&quot;background_slideshow_transition_duration&quot;:500,&quot;background_slideshow_ken_burns_zoom_direction&quot;:&quot;in&quot;}\">\n\t\t\t\t\t\t<div class=\"elementor-container elementor-column-gap-default\">\n\t\t\t\t\t<div class=\"elementor-column elementor-col-100 elementor-top-column elementor-element elementor-element-b59d27b\" data-id=\"b59d27b\" data-element_type=\"column\">\n\t\t\t<div class=\"elementor-widget-wrap elementor-element-populated\">\n\t\t\t\t\t\t<div class=\"elementor-element elementor-element-e157c6a elementor-widget elementor-widget-gva-heading-block\" data-id=\"e157c6a\" data-element_type=\"widget\" data-widget_type=\"gva-heading-block.default\">\n\t\t\t\t<div class=\"elementor-widget-container\">\n\t\t\t<div class=\"gva-element-gva-heading-block gva-element\">   <div class=\"align-center style-1 widget gsc-heading box-align-left auto-responsive\">\r\n      <div class=\"content-inner\">\r\n         \r\n         \r\n         \r\n           \r\n         \r\n                     <h2 class=\"title\">\r\n               <span>Protheus e Microsiga s\u00e3o marcas registradas pertencentes a TOTVS S\/A. \t\t\t\t\t\t\t<\/span>\r\n            <\/h2>\r\n                              <div class=\"title-desc\">\nA Edvcare \u00e9 uma consultoria independente, que realiza servi\u00e7os de implanta\u00e7\u00e3o , customiza\u00e7\u00e3o , atualiza\u00e7\u00e3o, revitaliza\u00e7\u00e3o e suporte.<\/div>\r\n         \r\n         \r\n      <\/div>\r\n   <\/div>\r\n<\/div>\t\t<\/div>\n\t\t\t\t<\/div>\n\t\t\t\t\t<\/div>\n\t\t<\/div>\n\t\t\t\t\t<\/div>\n\t\t<\/section>\n\t\t\t\t<section class=\"elementor-section elementor-top-section elementor-element elementor-element-4de11f5 elementor-section-boxed elementor-section-height-default elementor-section-height-default\" data-id=\"4de11f5\" data-element_type=\"section\" data-settings=\"{&quot;background_background&quot;:&quot;classic&quot;}\">\n\t\t\t\t\t\t<div class=\"elementor-container elementor-column-gap-default\">\n\t\t\t\t\t<div class=\"elementor-column elementor-col-100 elementor-top-column elementor-element elementor-element-e9a56a1\" data-id=\"e9a56a1\" data-element_type=\"column\">\n\t\t\t<div class=\"elementor-widget-wrap elementor-element-populated\">\n\t\t\t\t\t\t<div class=\"elementor-element elementor-element-fb4edeb elementor-widget elementor-widget-gva-heading-block\" data-id=\"fb4edeb\" data-element_type=\"widget\" data-widget_type=\"gva-heading-block.default\">\n\t\t\t\t<div class=\"elementor-widget-container\">\n\t\t\t<div class=\"gva-element-gva-heading-block gva-element\">   <div class=\"align-center style-1 widget gsc-heading box-align-center auto-responsive\">\r\n      <div class=\"content-inner\">\r\n         \r\n         \r\n         <div class=\"heading-line\"><span><\/span><span><\/span><\/div>\r\n                     <div class=\"sub-title\">\r\n               <span class=\"tagline\">O que oferecemos<\/span> \r\n            <\/div>\r\n           \r\n         \r\n                     <h2 class=\"title\">\r\n               <span>Servi\u00e7os<\/span>\r\n            <\/h2>\r\n                  \r\n         \r\n      <\/div>\r\n   <\/div>\r\n<\/div>\t\t<\/div>\n\t\t\t\t<\/div>\n\t\t\t\t\t<\/div>\n\t\t<\/div>\n\t\t\t\t\t<\/div>\n\t\t<\/section>\n\t\t\t\t<section class=\"elementor-section elementor-top-section elementor-element elementor-element-dd137a9 elementor-section-boxed elementor-section-height-default elementor-section-height-default\" data-id=\"dd137a9\" data-element_type=\"section\" data-settings=\"{&quot;background_background&quot;:&quot;classic&quot;}\">\n\t\t\t\t\t\t<div class=\"elementor-container elementor-column-gap-default\">\n\t\t\t\t\t<div class=\"elementor-column elementor-col-100 elementor-top-column elementor-element elementor-element-71fd45e\" data-id=\"71fd45e\" data-element_type=\"column\">\n\t\t\t<div class=\"elementor-widget-wrap elementor-element-populated\">\n\t\t\t\t\t\t<div class=\"elementor-element elementor-element-0d62f84 elementor-widget elementor-widget-gva-services-group\" data-id=\"0d62f84\" data-element_type=\"widget\" data-widget_type=\"gva-services-group.default\">\n\t\t\t\t<div class=\"elementor-widget-container\">\n\t\t\t<div class=\"gva-element-gva-services-group gva-element\">\r\n<div class=\"gsc-services-group layout-grid no-gutter\">\r\n   <div class=\"lg-block-grid-4 md-block-grid-3 sm-block-grid-2 xs-block-grid-1 xx-block-grid-1\">\r\n               <div class=\"item-columns\">\r\n            \r\n   <div class=\"service-item style-1\">\r\n      \r\n      <div class=\"service-item-content\">\r\n\t\t\t\t\t\t\t<span class=\"box-icon\">\r\n\t\t\t\t\t<i aria-hidden=\"true\" class=\" icon-conult-creative\"><\/i>\t\t\t\t<\/span>\r\n\t\t\t\r\n\t\t\t\t\t\t\t<h3 class=\"title\"><span>Implanta\u00e7\u00e3o Customiza\u00e7\u00e3o<\/span><\/h3>\r\n\t\t\t\r\n\t\t\t\t\t\t\t<div class=\"desc\">Ajudamos sua empresa no processo decis\u00f3rio e orientamos todo o processo de implanta\u00e7\u00e3o ou inova\u00e7\u00f5es de um ERP de alta qualidade.<\/div>\r\n\t\t\t\r\n\t\t\t<div class=\"arrow\"><span class=\"icon\"><i class=\"fas fa-arrow-right\"><\/i><\/span><\/div>\r\n\t\t<\/div>\r\n\r\n\t\t<div class=\"number\">01<\/div>\r\n\r\n\t\t\t\t\t<div class=\"service-background\">\r\n\t\t\t\t<img decoding=\"async\"  src=\"https:\/\/gaviaspreview.com\/wp\/conult\/wp-content\/plugins\/conult-themer\/elementor\/assets\/images\/image-1.jpg\" alt=\"Implanta\u00e7\u00e3o Customiza\u00e7\u00e3o\"\/>\r\n\t\t\t<\/div>\r\n\t\t\t\t\r\n\r\n\t\t\t<\/div>\r\n\t\r\n\r\n\t\r\n\r\n\r\n\r\n         <\/div>\r\n               <div class=\"item-columns\">\r\n            \r\n   <div class=\"service-item style-1\">\r\n      \r\n      <div class=\"service-item-content\">\r\n\t\t\t\t\t\t\t<span class=\"box-icon\">\r\n\t\t\t\t\t<i aria-hidden=\"true\" class=\" icon-conult-business\"><\/i>\t\t\t\t<\/span>\r\n\t\t\t\r\n\t\t\t\t\t\t\t<h3 class=\"title\"><span>Atualiza\u00e7\u00e3o de Vers\u00e3o<\/span><\/h3>\r\n\t\t\t\r\n\t\t\t\t\t\t\t<div class=\"desc\">Auxiliamos no processo de atualiza\u00e7\u00e3o para que seu sistema continue sempre operante e sua empresa em acordo com as novas necessidades do mercado.<\/div>\r\n\t\t\t\r\n\t\t\t<div class=\"arrow\"><span class=\"icon\"><i class=\"fas fa-arrow-right\"><\/i><\/span><\/div>\r\n\t\t<\/div>\r\n\r\n\t\t<div class=\"number\">02<\/div>\r\n\r\n\t\t\t\t\t<div class=\"service-background\">\r\n\t\t\t\t<img decoding=\"async\"  src=\"https:\/\/gaviaspreview.com\/wp\/conult\/wp-content\/plugins\/conult-themer\/elementor\/assets\/images\/image-2.jpg\" alt=\"Atualiza\u00e7\u00e3o de Vers\u00e3o\"\/>\r\n\t\t\t<\/div>\r\n\t\t\t\t\r\n\r\n\t\t\t<\/div>\r\n\t\r\n\r\n\t\r\n\r\n\r\n\r\n         <\/div>\r\n               <div class=\"item-columns\">\r\n            \r\n   <div class=\"service-item style-1\">\r\n      \r\n      <div class=\"service-item-content\">\r\n\t\t\t\t\t\t\t<span class=\"box-icon\">\r\n\t\t\t\t\t<i aria-hidden=\"true\" class=\" icon-conult-mobile-analytics\"><\/i>\t\t\t\t<\/span>\r\n\t\t\t\r\n\t\t\t\t\t\t\t<h3 class=\"title\"><span>Suporte<\/span><\/h3>\r\n\t\t\t\r\n\t\t\t\t\t\t\t<div class=\"desc\">A Edvcare oferece profissionais qualificados para atender, de forma remota ou presencial, todas as necessidades de sua empresa com efici\u00eancia e rapidez.\n\n\n<\/div>\r\n\t\t\t\r\n\t\t\t<div class=\"arrow\"><span class=\"icon\"><i class=\"fas fa-arrow-right\"><\/i><\/span><\/div>\r\n\t\t<\/div>\r\n\r\n\t\t<div class=\"number\">03<\/div>\r\n\r\n\t\t\t\t\t<div class=\"service-background\">\r\n\t\t\t\t<img decoding=\"async\"  src=\"https:\/\/gaviaspreview.com\/wp\/conult\/wp-content\/uploads\/2022\/01\/image-8.jpg\" alt=\"Suporte\"\/>\r\n\t\t\t<\/div>\r\n\t\t\t\t\r\n\r\n\t\t\t<\/div>\r\n\t\r\n\r\n\t\r\n\r\n\r\n\r\n         <\/div>\r\n               <div class=\"item-columns\">\r\n            \r\n   <div class=\"service-item style-1\">\r\n      \r\n      <div class=\"service-item-content\">\r\n\t\t\t\t\t\t\t<span class=\"box-icon\">\r\n\t\t\t\t\t<i aria-hidden=\"true\" class=\" icon-conult-global\"><\/i>\t\t\t\t<\/span>\r\n\t\t\t\r\n\t\t\t\t\t\t\t<h3 class=\"title\"><span>Revitaliza\u00e7\u00e3o TOTVS\u00ae<\/span><\/h3>\r\n\t\t\t\r\n\t\t\t\t\t\t\t<div class=\"desc\">Revitalizamos solu\u00e7\u00f5es TOTVS, que j\u00e1 foram implantadas, mas que n\u00e3o obtiveram resultados. trazendo melhorias e tornando mais flex\u00edvel \u00e0s inova\u00e7\u00f5es das novas atualiza\u00e7\u00f5es.<\/div>\r\n\t\t\t\r\n\t\t\t<div class=\"arrow\"><span class=\"icon\"><i class=\"fas fa-arrow-right\"><\/i><\/span><\/div>\r\n\t\t<\/div>\r\n\r\n\t\t<div class=\"number\">04<\/div>\r\n\r\n\t\t\t\t\t<div class=\"service-background\">\r\n\t\t\t\t<img decoding=\"async\"  src=\"https:\/\/gaviaspreview.com\/wp\/conult\/wp-content\/plugins\/conult-themer\/elementor\/assets\/images\/image-3.jpg\" alt=\"Revitaliza\u00e7\u00e3o TOTVS\u00ae\"\/>\r\n\t\t\t<\/div>\r\n\t\t\t\t\r\n\r\n\t\t\t<\/div>\r\n\t\r\n\r\n\t\r\n\r\n\r\n\r\n         <\/div>\r\n         <\/div>   \r\n<\/div>\r\n<\/div>\t\t<\/div>\n\t\t\t\t<\/div>\n\t\t\t\t\t<\/div>\n\t\t<\/div>\n\t\t\t\t\t<\/div>\n\t\t<\/section>\n\t\t\t\t<section class=\"elementor-section elementor-top-section elementor-element elementor-element-ecc5902 elementor-section-boxed elementor-section-height-default elementor-section-height-default\" data-id=\"ecc5902\" data-element_type=\"section\">\n\t\t\t\t\t\t<div class=\"elementor-container elementor-column-gap-default\">\n\t\t\t\t\t<div class=\"elementor-column elementor-col-100 elementor-top-column elementor-element elementor-element-a6e17a3\" data-id=\"a6e17a3\" data-element_type=\"column\">\n\t\t\t<div class=\"elementor-widget-wrap elementor-element-populated\">\n\t\t\t\t\t\t<section class=\"elementor-section elementor-inner-section elementor-element elementor-element-9ff27e6 elementor-section-full_width elementor-section-height-default elementor-section-height-default\" data-id=\"9ff27e6\" data-element_type=\"section\" data-settings=\"{&quot;background_background&quot;:&quot;classic&quot;}\">\n\t\t\t\t\t\t<div class=\"elementor-container elementor-column-gap-default\">\n\t\t\t\t\t<div class=\"elementor-column elementor-col-50 elementor-inner-column elementor-element elementor-element-ba7be2a\" data-id=\"ba7be2a\" data-element_type=\"column\">\n\t\t\t<div class=\"elementor-widget-wrap elementor-element-populated\">\n\t\t\t\t\t\t<div class=\"elementor-element elementor-element-33d2022 elementor-widget elementor-widget-image\" data-id=\"33d2022\" data-element_type=\"widget\" data-widget_type=\"image.default\">\n\t\t\t\t<div class=\"elementor-widget-container\">\n\t\t\t\t\t\t\t\t\t\t\t\t\t<img fetchpriority=\"high\" decoding=\"async\" width=\"1000\" height=\"800\" src=\"https:\/\/edvcare.com.br\/wp-content\/uploads\/2022\/01\/bg-5.jpg\" class=\"attachment-full size-full wp-image-1274\" alt=\"\" srcset=\"https:\/\/edvcare.com.br\/wp-content\/uploads\/2022\/01\/bg-5.jpg 1000w, https:\/\/edvcare.com.br\/wp-content\/uploads\/2022\/01\/bg-5-768x614.jpg 768w\" sizes=\"(max-width: 1000px) 100vw, 1000px\" \/>\t\t\t\t\t\t\t\t\t\t\t\t\t<\/div>\n\t\t\t\t<\/div>\n\t\t\t\t\t<\/div>\n\t\t<\/div>\n\t\t\t\t<div class=\"elementor-column elementor-col-50 elementor-inner-column elementor-element elementor-element-09af110\" data-id=\"09af110\" data-element_type=\"column\">\n\t\t\t<div class=\"elementor-widget-wrap elementor-element-populated\">\n\t\t\t\t\t\t<div class=\"elementor-element elementor-element-82a4517 elementor-widget elementor-widget-gva-heading-block\" data-id=\"82a4517\" data-element_type=\"widget\" data-widget_type=\"gva-heading-block.default\">\n\t\t\t\t<div class=\"elementor-widget-container\">\n\t\t\t<div class=\"gva-element-gva-heading-block gva-element\">   <div class=\"align-left style-1 widget gsc-heading box-align-left auto-responsive\">\r\n      <div class=\"content-inner\">\r\n         \r\n         \r\n         <div class=\"heading-line\"><span><\/span><span><\/span><\/div>\r\n           \r\n         \r\n                     <h2 class=\"title\">\r\n               <span>Por que nos escolher?<\/span>\r\n            <\/h2>\r\n                              <div class=\"title-desc\">Embora atue em todo o territ\u00f3rio nacional, a Edvcare concentra sua maior atua\u00e7\u00e3o na regi\u00e3o metropolitana de S\u00e3o Paulo e munic\u00edpios de ABCDM. Nossos clientes s\u00e3o empresas que possuem ERP implantados ou que busquem um produto mais avan\u00e7ado, e um custo menor de treinamento e implanta\u00e7\u00e3o.<\/div>\r\n         \r\n         \r\n      <\/div>\r\n   <\/div>\r\n<\/div>\t\t<\/div>\n\t\t\t\t<\/div>\n\t\t\t\t<div class=\"elementor-element elementor-element-fa1790e elementor-widget__width-initial elementor-view-default elementor-position-top elementor-mobile-position-top elementor-widget elementor-widget-icon-box\" data-id=\"fa1790e\" data-element_type=\"widget\" data-widget_type=\"icon-box.default\">\n\t\t\t\t<div class=\"elementor-widget-container\">\n\t\t\t\t\t<div class=\"elementor-icon-box-wrapper\">\n\n\t\t\t\t\t\t<div class=\"elementor-icon-box-icon\">\n\t\t\t\t<span  class=\"elementor-icon elementor-animation-\">\n\t\t\t\t<i aria-hidden=\"true\" class=\" flaticon-chat\"><\/i>\t\t\t\t<\/span>\n\t\t\t<\/div>\n\t\t\t\n\t\t\t\t\t\t<div class=\"elementor-icon-box-content\">\n\n\t\t\t\t\t\t\t\t\t<h3 class=\"elementor-icon-box-title\">\n\t\t\t\t\t\t<span  >\n\t\t\t\t\t\t\tAtendimento\t\t\t\t\t\t<\/span>\n\t\t\t\t\t<\/h3>\n\t\t\t\t\n\t\t\t\t\t\t\t\t\t<p class=\"elementor-icon-box-description\">\n\t\t\t\t\t\tAtendimento personalizado, com qualidade e precis\u00e3o.\t\t\t\t\t<\/p>\n\t\t\t\t\n\t\t\t<\/div>\n\t\t\t\n\t\t<\/div>\n\t\t\t\t<\/div>\n\t\t\t\t<\/div>\n\t\t\t\t<div class=\"elementor-element elementor-element-395df88 elementor-widget__width-initial elementor-view-default elementor-position-top elementor-mobile-position-top elementor-widget elementor-widget-icon-box\" data-id=\"395df88\" data-element_type=\"widget\" data-widget_type=\"icon-box.default\">\n\t\t\t\t<div class=\"elementor-widget-container\">\n\t\t\t\t\t<div class=\"elementor-icon-box-wrapper\">\n\n\t\t\t\t\t\t<div class=\"elementor-icon-box-icon\">\n\t\t\t\t<span  class=\"elementor-icon elementor-animation-\">\n\t\t\t\t<i aria-hidden=\"true\" class=\" flaticon-team\"><\/i>\t\t\t\t<\/span>\n\t\t\t<\/div>\n\t\t\t\n\t\t\t\t\t\t<div class=\"elementor-icon-box-content\">\n\n\t\t\t\t\t\t\t\t\t<h3 class=\"elementor-icon-box-title\">\n\t\t\t\t\t\t<span  >\n\t\t\t\t\t\t\tTreinamento\t\t\t\t\t\t<\/span>\n\t\t\t\t\t<\/h3>\n\t\t\t\t\n\t\t\t\t\t\t\t\t\t<p class=\"elementor-icon-box-description\">\n\t\t\t\t\t\tOferecemos todo suporte necess\u00e1rio para seu neg\u00f3cio.\t\t\t\t\t<\/p>\n\t\t\t\t\n\t\t\t<\/div>\n\t\t\t\n\t\t<\/div>\n\t\t\t\t<\/div>\n\t\t\t\t<\/div>\n\t\t\t\t\t<\/div>\n\t\t<\/div>\n\t\t\t\t\t<\/div>\n\t\t<\/section>\n\t\t\t\t\t<\/div>\n\t\t<\/div>\n\t\t\t\t\t<\/div>\n\t\t<\/section>\n\t\t\t\t<section class=\"elementor-section elementor-top-section elementor-element elementor-element-e1cd28a elementor-section-boxed elementor-section-height-default elementor-section-height-default\" data-id=\"e1cd28a\" data-element_type=\"section\">\n\t\t\t\t\t\t<div class=\"elementor-container elementor-column-gap-default\">\n\t\t\t\t\t<div class=\"elementor-column elementor-col-50 elementor-top-column elementor-element elementor-element-6c70a05\" data-id=\"6c70a05\" data-element_type=\"column\">\n\t\t\t<div class=\"elementor-widget-wrap elementor-element-populated\">\n\t\t\t\t\t\t<div class=\"elementor-element elementor-element-3618f57 elementor-widget elementor-widget-gva-heading-block\" data-id=\"3618f57\" data-element_type=\"widget\" data-widget_type=\"gva-heading-block.default\">\n\t\t\t\t<div class=\"elementor-widget-container\">\n\t\t\t<div class=\"gva-element-gva-heading-block gva-element\">   <div class=\"align-left style-1 widget gsc-heading box-align-left auto-responsive\">\r\n      <div class=\"content-inner\">\r\n         \r\n         \r\n         <div class=\"heading-line\"><span><\/span><span><\/span><\/div>\r\n                     <div class=\"sub-title\">\r\n               <span class=\"tagline\">Entre em contato<\/span> \r\n            <\/div>\r\n           \r\n         \r\n                     <h2 class=\"title\">\r\n               <span>Contate os Especialistas<\/span>\r\n            <\/h2>\r\n                              <div class=\"title-desc\">It is a long established fact that a reader will be distracted by the readable content of a page when looking at layout. Many desktop publishing packages and web page editors now use as their default model text.<\/div>\r\n         \r\n         \r\n      <\/div>\r\n   <\/div>\r\n<\/div>\t\t<\/div>\n\t\t\t\t<\/div>\n\t\t\t\t\t<\/div>\n\t\t<\/div>\n\t\t\t\t<div class=\"elementor-column elementor-col-50 elementor-top-column elementor-element elementor-element-3f5183a\" data-id=\"3f5183a\" data-element_type=\"column\">\n\t\t\t<div class=\"elementor-widget-wrap elementor-element-populated\">\n\t\t\t\t\t\t<div class=\"elementor-element elementor-element-53b2bb6 top-color-theme elementor-widget elementor-widget-shortcode\" data-id=\"53b2bb6\" data-element_type=\"widget\" data-widget_type=\"shortcode.default\">\n\t\t\t\t<div class=\"elementor-widget-container\">\n\t\t\t\t\t<div class=\"elementor-shortcode\">\n<div class=\"wpcf7 no-js\" id=\"wpcf7-f7-o1\" lang=\"pt-BR\" dir=\"ltr\">\n<div class=\"screen-reader-response\"><p role=\"status\" aria-live=\"polite\" aria-atomic=\"true\"><\/p> <ul><\/ul><\/div>\n<form action=\"\/index.php\/wp-json\/wp\/v2\/pages\/161#wpcf7-f7-o1\" method=\"post\" class=\"wpcf7-form init\" aria-label=\"Formul\u00e1rios de contato\" novalidate=\"novalidate\" data-status=\"init\">\n<div style=\"display: none;\">\n<input type=\"hidden\" name=\"_wpcf7\" value=\"7\" \/>\n<input type=\"hidden\" name=\"_wpcf7_version\" value=\"5.9.3\" \/>\n<input type=\"hidden\" name=\"_wpcf7_locale\" value=\"pt_BR\" \/>\n<input type=\"hidden\" name=\"_wpcf7_unit_tag\" value=\"wpcf7-f7-o1\" \/>\n<input type=\"hidden\" name=\"_wpcf7_container_post\" value=\"0\" \/>\n<input type=\"hidden\" name=\"_wpcf7_posted_data_hash\" value=\"\" \/>\n<\/div>\n<label> Seu nome (obrigat\u00f3rio)\n    <span class=\"wpcf7-form-control-wrap\" data-name=\"your-name\"><input size=\"40\" class=\"wpcf7-form-control wpcf7-text wpcf7-validates-as-required\" aria-required=\"true\" aria-invalid=\"false\" value=\"\" type=\"text\" name=\"your-name\" \/><\/span> <\/label>\n\n<label> Seu e-mail (obrigat\u00f3rio)\n    <span class=\"wpcf7-form-control-wrap\" data-name=\"your-email\"><input size=\"40\" class=\"wpcf7-form-control wpcf7-email wpcf7-validates-as-required wpcf7-text wpcf7-validates-as-email\" aria-required=\"true\" aria-invalid=\"false\" value=\"\" type=\"email\" name=\"your-email\" \/><\/span> <\/label>\n\n<label> Assunto\n    <span class=\"wpcf7-form-control-wrap\" data-name=\"your-subject\"><input size=\"40\" class=\"wpcf7-form-control wpcf7-text\" aria-invalid=\"false\" value=\"\" type=\"text\" name=\"your-subject\" \/><\/span> <\/label>\n\n<label> Sua mensagem\n    <span class=\"wpcf7-form-control-wrap\" data-name=\"your-message\"><textarea cols=\"40\" rows=\"10\" class=\"wpcf7-form-control wpcf7-textarea\" aria-invalid=\"false\" name=\"your-message\"><\/textarea><\/span> <\/label>\n\n<input class=\"wpcf7-form-control wpcf7-submit has-spinner\" type=\"submit\" value=\"Enviar\" \/><div class=\"wpcf7-response-output\" aria-hidden=\"true\"><\/div>\n<\/form>\n<\/div>\n<\/div>\n\t\t\t\t<\/div>\n\t\t\t\t<\/div>\n\t\t\t\t\t<\/div>\n\t\t<\/div>\n\t\t\t\t\t<\/div>\n\t\t<\/section>\n\t\t\t\t<\/div>\n\t\t","protected":false},"excerpt":{"rendered":"<p>Protheus e Microsiga s\u00e3o marcas registradas pertencentes a TOTVS S\/A. A Edvcare \u00e9 uma consultoria independente, que realiza servi\u00e7os de implanta\u00e7\u00e3o , customiza\u00e7\u00e3o , atualiza\u00e7\u00e3o, revitaliza\u00e7\u00e3o e suporte. O que [&hellip;]<\/p>\n","protected":false},"author":1,"featured_media":0,"parent":0,"menu_order":0,"comment_status":"closed","ping_status":"closed","template":"","meta":{"footnotes":""},"class_list":["post-161","page","type-page","status-publish","hentry"],"_links":{"self":[{"href":"https:\/\/edvcare.com.br\/index.php\/wp-json\/wp\/v2\/pages\/161","targetHints":{"allow":["GET"]}}],"collection":[{"href":"https:\/\/edvcare.com.br\/index.php\/wp-json\/wp\/v2\/pages"}],"about":[{"href":"https:\/\/edvcare.com.br\/index.php\/wp-json\/wp\/v2\/types\/page"}],"author":[{"embeddable":true,"href":"https:\/\/edvcare.com.br\/index.php\/wp-json\/wp\/v2\/users\/1"}],"replies":[{"embeddable":true,"href":"https:\/\/edvcare.com.br\/index.php\/wp-json\/wp\/v2\/comments?post=161"}],"version-history":[{"count":13,"href":"https:\/\/edvcare.com.br\/index.php\/wp-json\/wp\/v2\/pages\/161\/revisions"}],"predecessor-version":[{"id":1596,"href":"https:\/\/edvcare.com.br\/index.php\/wp-json\/wp\/v2\/pages\/161\/revisions\/1596"}],"wp:attachment":[{"href":"https:\/\/edvcare.com.br\/index.php\/wp-json\/wp\/v2\/media?parent=161"}],"curies":[{"name":"wp","href":"https:\/\/api.w.org\/{rel}","templated":true}]}}